{"id":437,"date":"2022-05-20T11:46:08","date_gmt":"2022-05-20T09:46:08","guid":{"rendered":"https:\/\/psychotherapie-oberland.ch\/?page_id=437"},"modified":"2026-03-14T16:54:58","modified_gmt":"2026-03-14T15:54:58","slug":"fabienne-steffen","status":"publish","type":"page","link":"https:\/\/psychotherapie-oberland.ch\/?page_id=437","title":{"rendered":"Fabienne Steffen"},"content":{"rendered":"\n<style type=\"text\/css\" data-created_by=\"avia_inline_auto\" id=\"style-css-av-141wil-cfea89609341cb0b2c86659a11ce71c1\">\n.avia-section.av-141wil-cfea89609341cb0b2c86659a11ce71c1{\nbackground-color:#ffffff;\nbackground:linear-gradient( to bottom, #ffffff, #ffffff, #ededed );\nposition:relative;\n}\n.avia-section.av-141wil-cfea89609341cb0b2c86659a11ce71c1 .avia-divider-svg-bottom svg{\nheight:50px;\nfill:#ffffff;\n}\n<\/style>\n<div id='av_section_1'  class='avia-section av-141wil-cfea89609341cb0b2c86659a11ce71c1 main_color avia-section-default avia-no-border-styling  avia-builder-el-0  avia-builder-el-no-sibling  avia-bg-style-scroll container_wrap fullsize'  ><div class='avia-divider-svg avia-divider-svg-tilt avia-divider-svg-bottom avia-svg-original'><svg xmlns=\"http:\/\/www.w3.org\/2000\/svg\" viewBox=\"0 0 1000 100\" preserveAspectRatio=\"none\">\n\t<path d=\"M0,6V0h1000v100L0,6z\"\/>\n<\/svg><\/div><div class='container av-section-cont-open' ><main  role=\"main\" itemprop=\"mainContentOfPage\"  class='template-page content  av-content-full alpha units'><div class='post-entry post-entry-type-page post-entry-437'><div class='entry-content-wrapper clearfix'>\n<div class='flex_column_table av-3dvol-add7aa151eeaab2b8a5daf9b1e6b31c6 sc-av_one_half av-break-at-tablet-flextable av-mobile-columns-flex av-columns-individual av-equal-height-column-flextable'>\n<style type=\"text\/css\" data-created_by=\"avia_inline_auto\" id=\"style-css-av-3dvol-add7aa151eeaab2b8a5daf9b1e6b31c6\">\n.flex_column.av-3dvol-add7aa151eeaab2b8a5daf9b1e6b31c6{\norder:2;\n}\n<\/style>\n<div class='flex_column av-3dvol-add7aa151eeaab2b8a5daf9b1e6b31c6 av_one_half  avia-builder-el-1  el_before_av_one_half  avia-builder-el-first  first av-break-at-tablet flex_column_table_cell av-equal-height-column av-align-middle '   ><section  class='av_textblock_section av-l3e9bero-4a7802286ee46c8f88a2bbc666b7ea44'  itemscope=\"itemscope\" itemtype=\"https:\/\/schema.org\/CreativeWork\" ><div class='avia_textblock'  itemprop=\"text\" ><h1>Fabienne Steffen<\/h1>\n<p>M.Sc. Psychologin FSP<br \/>\nEidg. anerkannte Psychotherapeutin<\/p>\n<\/div><\/section><br \/>\n<div  class='avia-button-wrap avia-button-left  avia-builder-el-3  el_after_av_textblock  el_before_av_textblock ' ><a href='mailto:mailto:fabienne.steffen@psychologie.ch' class='avia-button av-l3qatutz-78e4eb90fbc53f6b71bdc0b9d61d9a28 avia-icon_select-yes-left-icon avia-size-large avia-position-left avia-color-theme-color' target=\"_blank\" rel=\"noopener noreferrer\"><span class='avia_button_icon avia_button_icon_left' aria-hidden='true' data-av_icon='\ue805' data-av_iconfont='entypo-fontello'><\/span><span class='avia_iconbox_title' >Mail<\/span><\/a><\/div><br \/>\n<section  class='av_textblock_section av-l3qb9hjn-25e986d0c1dc534500c1620d667530a8'  itemscope=\"itemscope\" itemtype=\"https:\/\/schema.org\/CreativeWork\" ><div class='avia_textblock'  itemprop=\"text\" ><p>fabienne.steffen@psychologie.ch<br \/>\nArbeitstage: Dienstag, Mittwoch, Donnerstag<\/p>\n<\/div><\/section><\/p><\/div><div class='av-flex-placeholder'><\/div>\n<style type=\"text\/css\" data-created_by=\"avia_inline_auto\" id=\"style-css-av-2v9xh-796724cd607094a56e6e58c514195cb8\">\n.flex_column.av-2v9xh-796724cd607094a56e6e58c514195cb8{\norder:1;\n}\n<\/style>\n<div class='flex_column av-2v9xh-796724cd607094a56e6e58c514195cb8 av_one_half  avia-builder-el-5  el_after_av_one_half  el_before_av_one_half  av-break-at-tablet flex_column_table_cell av-equal-height-column av-align-middle '   ><style type=\"text\/css\" data-created_by=\"avia_inline_auto\" id=\"style-css-av-loibx-a20bfef93035c163ceaba4385e7fa1ed\">\n.avia-image-container.av-loibx-a20bfef93035c163ceaba4385e7fa1ed .av-image-caption-overlay-center{\ncolor:#ffffff;\n}\n<\/style>\n<div  class='avia-image-container av-loibx-a20bfef93035c163ceaba4385e7fa1ed av-styling- avia-align-center  avia-builder-el-6  avia-builder-el-no-sibling '  itemprop=\"image\" itemscope=\"itemscope\" itemtype=\"https:\/\/schema.org\/ImageObject\" ><div class=\"avia-image-container-inner\"><div class=\"avia-image-overlay-wrap\"><img decoding=\"async\" class='wp-image-661 avia-img-lazy-loading-not-661 avia_image' src=\"https:\/\/psychotherapie-oberland.ch\/wp-content\/uploads\/140Portrait_1000.jpg\" alt='Hier klicken um auf die Seite von Fabienne Steffen zu gelangen' title='Fabienne Steffen'  height=\"750\" width=\"1000\"  itemprop=\"thumbnailUrl\" srcset=\"https:\/\/psychotherapie-oberland.ch\/wp-content\/uploads\/140Portrait_1000.jpg 1000w, https:\/\/psychotherapie-oberland.ch\/wp-content\/uploads\/140Portrait_1000-300x225.jpg 300w, https:\/\/psychotherapie-oberland.ch\/wp-content\/uploads\/140Portrait_1000-768x576.jpg 768w, https:\/\/psychotherapie-oberland.ch\/wp-content\/uploads\/140Portrait_1000-705x529.jpg 705w\" sizes=\"(max-width: 1000px) 100vw, 1000px\" \/><\/div><\/div><\/div><\/div><\/div><!--close column table wrapper. Autoclose: 1 --><div class='flex_column av-ge9kd-99bed8e457b06847b3e0802ed3541683 av_one_half  avia-builder-el-7  el_after_av_one_half  avia-builder-el-last  first flex_column_div column-top-margin'   ><section  class='av_textblock_section av-8gzi5-991975301405b5898e3850a2342d8bf9'  itemscope=\"itemscope\" itemtype=\"https:\/\/schema.org\/CreativeWork\" ><div class='avia_textblock'  itemprop=\"text\" ><h2>Ausbildung und Weiterbildung<\/h2>\n<ul>\n<li>2004 bis 2010: Studium der Psychologie mit den Schwerpunkten Sozialpsychologie, Entwicklungspsychologie, klinische Psychologie und Psychopathologie an der Universit\u00e4t Bern.<\/li>\n<li>2011 Bis 2014: Postgraduale Weiterbildung am Zentrum f\u00fcr systemische Therapie und Beratung in Bern<\/li>\n<li>Seit 2012: Verschiedene Workshops und Weiterbildungen in den Fachgebieten der Kinder und Jugendpsychologie ASS, ADHS, Kinderschutz, DBT-A, systemischer Therapie usw.<\/li>\n<\/ul>\n<h2>Berufserfahrung<\/h2>\n<ul>\n<li>2009 bis 2010: Verschiedene Praktikums im psychologischen Bereich wie in der Studien- Berufs- und Laufbahnberatung in Brig, im Zentrum f\u00fcr Entwicklung und Therapie in Brig.<\/li>\n<li>2011: T\u00e4tigkeit als Assistenzpsychologin in der Abteilung der p\u00e4diatrischen Neuropsychologie, an der Universit\u00e4tsklinik f\u00fcr Kinderheilkunde im Inselspital Bern.<\/li>\n<li>2011 Bis 2017: T\u00e4tigkeit als Psychologin \/ Psychotherapeutin im Zentrum f\u00fcr Entwicklung und Therapie des Kindes und Jugendlichen in Brig.<\/li>\n<li>2017 Bis 2019: T\u00e4tigkeit als Psychotherapeutin in der Universit\u00e4tsklinik f\u00fcr Kinder- und Jugendpsychiatrie und Psychotherapie in Spiez.<\/li>\n<li>2019 bis 2022: T\u00e4tigkeit als delegierte Psychotherapeutin in der Praxis im Zentrum in Interlaken.<\/li>\n<li>Seit Mai 2022: Selbstst\u00e4ndige Psychotherapeutin in der Praxis Psychotherapie Oberland in Thun.<\/li>\n<\/ul>\n<\/div><\/section><\/div>\n","protected":false},"excerpt":{"rendered":"","protected":false},"author":4,"featured_media":0,"parent":0,"menu_order":2,"comment_status":"closed","ping_status":"closed","template":"","meta":{"footnotes":""},"class_list":["post-437","page","type-page","status-publish","hentry"],"yoast_head":"<!-- This site is optimized with the Yoast SEO plugin v27.5 - https:\/\/yoast.com\/product\/yoast-seo-wordpress\/ -->\n<title>Fabienne Steffen - Psychotherapie Oberland<\/title>\n<meta name=\"description\" content=\"M.Sc. Psychologin FSP, Eidg. anerkannte Psychotherapeutin\" \/>\n<meta name=\"robots\" content=\"index, follow, max-snippet:-1, max-image-preview:large, max-video-preview:-1\" \/>\n<link rel=\"canonical\" href=\"https:\/\/psychotherapie-oberland.ch\/?page_id=437\" \/>\n<meta property=\"og:locale\" content=\"de_DE\" \/>\n<meta property=\"og:type\" content=\"article\" \/>\n<meta property=\"og:title\" content=\"Fabienne Steffen - Psychotherapie Oberland\" \/>\n<meta property=\"og:description\" content=\"M.Sc. Psychologin FSP, Eidg. anerkannte Psychotherapeutin\" \/>\n<meta property=\"og:url\" content=\"https:\/\/psychotherapie-oberland.ch\/?page_id=437\" \/>\n<meta property=\"og:site_name\" content=\"Psychotherapie Oberland\" \/>\n<meta property=\"article:modified_time\" content=\"2026-03-14T15:54:58+00:00\" \/>\n<meta name=\"twitter:card\" content=\"summary_large_image\" \/>\n<meta name=\"twitter:label1\" content=\"Gesch\u00e4tzte Lesezeit\" \/>\n\t<meta name=\"twitter:data1\" content=\"4\u00a0Minuten\" \/>\n<script type=\"application\/ld+json\" class=\"yoast-schema-graph\">{\"@context\":\"https:\\\/\\\/schema.org\",\"@graph\":[{\"@type\":\"WebPage\",\"@id\":\"https:\\\/\\\/psychotherapie-oberland.ch\\\/?page_id=437\",\"url\":\"https:\\\/\\\/psychotherapie-oberland.ch\\\/?page_id=437\",\"name\":\"Fabienne Steffen - Psychotherapie Oberland\",\"isPartOf\":{\"@id\":\"https:\\\/\\\/psychotherapie-oberland.ch\\\/#website\"},\"datePublished\":\"2022-05-20T09:46:08+00:00\",\"dateModified\":\"2026-03-14T15:54:58+00:00\",\"description\":\"M.Sc. Psychologin FSP, Eidg. anerkannte Psychotherapeutin\",\"breadcrumb\":{\"@id\":\"https:\\\/\\\/psychotherapie-oberland.ch\\\/?page_id=437#breadcrumb\"},\"inLanguage\":\"de-CH\",\"potentialAction\":[{\"@type\":\"ReadAction\",\"target\":[\"https:\\\/\\\/psychotherapie-oberland.ch\\\/?page_id=437\"]}]},{\"@type\":\"BreadcrumbList\",\"@id\":\"https:\\\/\\\/psychotherapie-oberland.ch\\\/?page_id=437#breadcrumb\",\"itemListElement\":[{\"@type\":\"ListItem\",\"position\":1,\"name\":\"Startseite\",\"item\":\"https:\\\/\\\/psychotherapie-oberland.ch\\\/?page_id=24\"},{\"@type\":\"ListItem\",\"position\":2,\"name\":\"Fabienne Steffen\"}]},{\"@type\":\"WebSite\",\"@id\":\"https:\\\/\\\/psychotherapie-oberland.ch\\\/#website\",\"url\":\"https:\\\/\\\/psychotherapie-oberland.ch\\\/\",\"name\":\"Psychotherapie Oberland\",\"description\":\"Psychtherapie f\u00fcr Jugendliche und Erwachsene sowie pferdegest\u00fctzte Psychtherapie\",\"potentialAction\":[{\"@type\":\"SearchAction\",\"target\":{\"@type\":\"EntryPoint\",\"urlTemplate\":\"https:\\\/\\\/psychotherapie-oberland.ch\\\/?s={search_term_string}\"},\"query-input\":{\"@type\":\"PropertyValueSpecification\",\"valueRequired\":true,\"valueName\":\"search_term_string\"}}],\"inLanguage\":\"de-CH\"}]}<\/script>\n<!-- \/ Yoast SEO plugin. -->","yoast_head_json":{"title":"Fabienne Steffen - Psychotherapie Oberland","description":"M.Sc. Psychologin FSP, Eidg. anerkannte Psychotherapeutin","robots":{"index":"index","follow":"follow","max-snippet":"max-snippet:-1","max-image-preview":"max-image-preview:large","max-video-preview":"max-video-preview:-1"},"canonical":"https:\/\/psychotherapie-oberland.ch\/?page_id=437","og_locale":"de_DE","og_type":"article","og_title":"Fabienne Steffen - Psychotherapie Oberland","og_description":"M.Sc. Psychologin FSP, Eidg. anerkannte Psychotherapeutin","og_url":"https:\/\/psychotherapie-oberland.ch\/?page_id=437","og_site_name":"Psychotherapie Oberland","article_modified_time":"2026-03-14T15:54:58+00:00","twitter_card":"summary_large_image","twitter_misc":{"Gesch\u00e4tzte Lesezeit":"4\u00a0Minuten"},"schema":{"@context":"https:\/\/schema.org","@graph":[{"@type":"WebPage","@id":"https:\/\/psychotherapie-oberland.ch\/?page_id=437","url":"https:\/\/psychotherapie-oberland.ch\/?page_id=437","name":"Fabienne Steffen - Psychotherapie Oberland","isPartOf":{"@id":"https:\/\/psychotherapie-oberland.ch\/#website"},"datePublished":"2022-05-20T09:46:08+00:00","dateModified":"2026-03-14T15:54:58+00:00","description":"M.Sc. Psychologin FSP, Eidg. anerkannte Psychotherapeutin","breadcrumb":{"@id":"https:\/\/psychotherapie-oberland.ch\/?page_id=437#breadcrumb"},"inLanguage":"de-CH","potentialAction":[{"@type":"ReadAction","target":["https:\/\/psychotherapie-oberland.ch\/?page_id=437"]}]},{"@type":"BreadcrumbList","@id":"https:\/\/psychotherapie-oberland.ch\/?page_id=437#breadcrumb","itemListElement":[{"@type":"ListItem","position":1,"name":"Startseite","item":"https:\/\/psychotherapie-oberland.ch\/?page_id=24"},{"@type":"ListItem","position":2,"name":"Fabienne Steffen"}]},{"@type":"WebSite","@id":"https:\/\/psychotherapie-oberland.ch\/#website","url":"https:\/\/psychotherapie-oberland.ch\/","name":"Psychotherapie Oberland","description":"Psychtherapie f\u00fcr Jugendliche und Erwachsene sowie pferdegest\u00fctzte Psychtherapie","potentialAction":[{"@type":"SearchAction","target":{"@type":"EntryPoint","urlTemplate":"https:\/\/psychotherapie-oberland.ch\/?s={search_term_string}"},"query-input":{"@type":"PropertyValueSpecification","valueRequired":true,"valueName":"search_term_string"}}],"inLanguage":"de-CH"}]}},"_links":{"self":[{"href":"https:\/\/psychotherapie-oberland.ch\/index.php?rest_route=\/wp\/v2\/pages\/437","targetHints":{"allow":["GET"]}}],"collection":[{"href":"https:\/\/psychotherapie-oberland.ch\/index.php?rest_route=\/wp\/v2\/pages"}],"about":[{"href":"https:\/\/psychotherapie-oberland.ch\/index.php?rest_route=\/wp\/v2\/types\/page"}],"author":[{"embeddable":true,"href":"https:\/\/psychotherapie-oberland.ch\/index.php?rest_route=\/wp\/v2\/users\/4"}],"replies":[{"embeddable":true,"href":"https:\/\/psychotherapie-oberland.ch\/index.php?rest_route=%2Fwp%2Fv2%2Fcomments&post=437"}],"version-history":[{"count":14,"href":"https:\/\/psychotherapie-oberland.ch\/index.php?rest_route=\/wp\/v2\/pages\/437\/revisions"}],"predecessor-version":[{"id":912,"href":"https:\/\/psychotherapie-oberland.ch\/index.php?rest_route=\/wp\/v2\/pages\/437\/revisions\/912"}],"wp:attachment":[{"href":"https:\/\/psychotherapie-oberland.ch\/index.php?rest_route=%2Fwp%2Fv2%2Fmedia&parent=437"}],"curies":[{"name":"wp","href":"https:\/\/api.w.org\/{rel}","templated":true}]}}