{"id":464,"date":"2022-05-20T13:03:02","date_gmt":"2022-05-20T11:03:02","guid":{"rendered":"https:\/\/psychotherapie-oberland.ch\/?page_id=464"},"modified":"2022-06-05T23:07:58","modified_gmt":"2022-06-05T21:07:58","slug":"rechtliches","status":"publish","type":"page","link":"https:\/\/psychotherapie-oberland.ch\/?page_id=464","title":{"rendered":"Rechtliches"},"content":{"rendered":"<div id='av_section_1'  class='avia-section av-ff9js-4aa407409cbb2a66c7f480c8086fd31e main_color avia-section-default avia-no-border-styling  avia-builder-el-0  avia-builder-el-no-sibling  avia-bg-style-scroll container_wrap fullsize'  ><div class='container av-section-cont-open' ><main  role=\"main\" itemprop=\"mainContentOfPage\"  class='template-page content  av-content-full alpha units'><div class='post-entry post-entry-type-page post-entry-464'><div class='entry-content-wrapper clearfix'>\n<div class='flex_column av-bb9m8-7b0f87c8ecf09835469f80a70d82d2ee av_two_third  avia-builder-el-1  avia-builder-el-no-sibling  first flex_column_div '   ><section  class='av_textblock_section av-l3ebev2z-038a495218cc3e761a2d454418c23634'  itemscope=\"itemscope\" itemtype=\"https:\/\/schema.org\/CreativeWork\" ><div class='avia_textblock'  itemprop=\"text\" ><h1>Rechtliches<\/h1>\n<h2><strong>Haftung<\/strong><\/h2>\n<p>Die auf unserer Website enthaltenen Angaben und Links dienen allein zur Information der Besucher. Wir \u00fcbernehmen f\u00fcr die jederzeitige Richtigkeit und Vollst\u00e4ndigkeit der Informationsinhalte keine Gew\u00e4hr. Wir schliessen jede Haftung f\u00fcr eventuelle Sch\u00e4den im Zusammenhang mit der Nutzung unserer Website und der darin enthaltenen Informationen aus. Wir weisen zudem ausdr\u00fccklich darauf hin, dass durch die blosse Nutzung unserer Website kein Vertragsverh\u00e4ltnis zwischen dem Websitebesucher und dem Berner Bergf\u00fchrerverband entsteht.<\/p>\n<h2>Links &amp; Hyperlinks<\/h2>\n<p>Verweise und Links auf Webseiten Dritter liegen ausserhalb unseres Verantwortungsbereichs. Der Zugriff und die Nutzung solcher Webseiten erfolgen auf eigene Gefahr des Nutzers oder der Nutzerin. Wir erkl\u00e4ren ausdr\u00fccklich, dass wir keinerlei Einfluss auf die Gestaltung, den Inhalt und die Angebote der verkn\u00fcpften Seiten haben. Informationen und Dienstleistungen von verkn\u00fcpften Webseiten liegen vollumf\u00e4nglich in der Verantwortung des jeweiligen Dritten.<\/p>\n<p>Wir lehnen jegliche Verantwortung f\u00fcr solche Webseiten ab.<\/p>\n<h2>Datenschutz<\/h2>\n<p>Beim Zugriff auf unsere Webseiten werden folgende Daten in Logfiles gespeichert: IP-Adresse, Datum, Uhrzeit, Browser-Anfrage und allgemeine Informationen zum verwendeten Betriebssystem respektive Browser.<\/p>\n<p>Bei der freiwilligen Kontaktaufnahme wird Ihre Email-Adresse in eine separate Datenbank aufgenommen, welche nicht mit den anonymen Logfiles verkn\u00fcpft wird. Sie haben jederzeit die M\u00f6glichkeit, Ihre Registrierung wieder r\u00fcckg\u00e4ngig zu machen.<\/p>\n<p>In enger Zusammenarbeit mit unseren Hosting-Providern und Datenbankbetreibern bem\u00fchen wir uns, die Datenbanken so gut wie m\u00f6glich vor fremden Zugriffen, Verlusten, Missbrauch oder vor F\u00e4lschung zu sch\u00fctzen.<\/p>\n<p>An uns \u00fcbermittelte oder von uns gesammelte pers\u00f6nliche Daten werden streng vertraulich behandelt, weder an Dritte verkauft noch weitergegeben.<\/p>\n<p>Gem\u00e4ss Bundesgesetz betreffend die \u00dcberwachung des Post- und Fernmeldeverkehrs (B\u00dcPF) besteht eine gesetzliche Aufbewahrungspflicht f\u00fcr Verbindungsdaten der letzten sechs Monate.<\/p>\n<p>Weitere Informationen entnehmen Sie bitte unserer\u00a0<a href=\"https:\/\/psychotherapie-oberland.ch\/datenschutz\/\">Datenschutzerkl\u00e4rung<\/a>.<\/p>\n<h2>Copyright<\/h2>\n<p>Die auf den einzelnen Webseiten enthaltenen Informationen werden der \u00d6ffentlichkeit zug\u00e4nglich gemacht. Durch das Herunterladen oder Kopieren von Inhalten, Bildern, Fotos oder anderen Dateien werden keinerlei Rechte bez\u00fcglich der Inhalte \u00fcbertragen.<\/p>\n<p>Die Urheber- und alle anderen Rechte an Inhalten, Bildern, Fotos oder anderen Dateien auf unserer Website geh\u00f6ren ausschliesslich uns oder den speziell genannten Rechtsinhabern. Einige Webseiten k\u00f6nnen auch Bilder und Texte enthalten, die dem Copyright Dritter unterliegen. F\u00fcr die Reproduktion jeglicher Elemente ist die schriftliche Zustimmung der Urheberrechtstr\u00e4ger im Voraus einzuholen.<\/p>\n<p>Soweit nicht anders angegeben, sind alle Markenzeichen auf dieser Website markenrechtlich gesch\u00fctzt. Dies gilt insbesondere f\u00fcr unseren Markennamen, das Firmenlogo und s\u00e4mtliche Embleme. Alle Nutzungen sind vorbehalten.<\/p>\n<p>Jede allf\u00e4llige Verletzung der Copyright-Rechte Dritter ist unbeabsichtigt. Sollten Sie eine solche feststellen, so bitten wir Sie, uns umgehend darauf hinzuweisen: fabienne.steffen@psychologie.ch \/ simone.venetz@psychologie.ch. Danke.<\/p>\n<\/div><\/section><\/div>\n","protected":false},"excerpt":{"rendered":"","protected":false},"author":4,"featured_media":0,"parent":0,"menu_order":7,"comment_status":"closed","ping_status":"closed","template":"","meta":{"footnotes":""},"class_list":["post-464","page","type-page","status-publish","hentry"],"yoast_head":"<!-- This site is optimized with the Yoast SEO plugin v27.5 - https:\/\/yoast.com\/product\/yoast-seo-wordpress\/ -->\n<title>Rechtliches - Psychotherapie Oberland<\/title>\n<meta name=\"description\" content=\"Die auf unserer Website enthaltenen Angaben und Links dienen allein zur Information der Besucher.\" \/>\n<meta name=\"robots\" content=\"index, follow, max-snippet:-1, max-image-preview:large, max-video-preview:-1\" \/>\n<link rel=\"canonical\" href=\"https:\/\/psychotherapie-oberland.ch\/?page_id=464\" \/>\n<meta property=\"og:locale\" content=\"de_DE\" \/>\n<meta property=\"og:type\" content=\"article\" \/>\n<meta property=\"og:title\" content=\"Rechtliches - Psychotherapie Oberland\" \/>\n<meta property=\"og:description\" content=\"Die auf unserer Website enthaltenen Angaben und Links dienen allein zur Information der Besucher.\" \/>\n<meta property=\"og:url\" content=\"https:\/\/psychotherapie-oberland.ch\/?page_id=464\" \/>\n<meta property=\"og:site_name\" content=\"Psychotherapie Oberland\" \/>\n<meta property=\"article:modified_time\" content=\"2022-06-05T21:07:58+00:00\" \/>\n<meta name=\"twitter:card\" content=\"summary_large_image\" \/>\n<meta name=\"twitter:label1\" content=\"Gesch\u00e4tzte Lesezeit\" \/>\n\t<meta name=\"twitter:data1\" content=\"5\u00a0Minuten\" \/>\n<script type=\"application\/ld+json\" class=\"yoast-schema-graph\">{\"@context\":\"https:\\\/\\\/schema.org\",\"@graph\":[{\"@type\":\"WebPage\",\"@id\":\"https:\\\/\\\/psychotherapie-oberland.ch\\\/?page_id=464\",\"url\":\"https:\\\/\\\/psychotherapie-oberland.ch\\\/?page_id=464\",\"name\":\"Rechtliches - Psychotherapie Oberland\",\"isPartOf\":{\"@id\":\"https:\\\/\\\/psychotherapie-oberland.ch\\\/#website\"},\"datePublished\":\"2022-05-20T11:03:02+00:00\",\"dateModified\":\"2022-06-05T21:07:58+00:00\",\"description\":\"Die auf unserer Website enthaltenen Angaben und Links dienen allein zur Information der Besucher.\",\"breadcrumb\":{\"@id\":\"https:\\\/\\\/psychotherapie-oberland.ch\\\/?page_id=464#breadcrumb\"},\"inLanguage\":\"de-CH\",\"potentialAction\":[{\"@type\":\"ReadAction\",\"target\":[\"https:\\\/\\\/psychotherapie-oberland.ch\\\/?page_id=464\"]}]},{\"@type\":\"BreadcrumbList\",\"@id\":\"https:\\\/\\\/psychotherapie-oberland.ch\\\/?page_id=464#breadcrumb\",\"itemListElement\":[{\"@type\":\"ListItem\",\"position\":1,\"name\":\"Startseite\",\"item\":\"https:\\\/\\\/psychotherapie-oberland.ch\\\/?page_id=24\"},{\"@type\":\"ListItem\",\"position\":2,\"name\":\"Rechtliches\"}]},{\"@type\":\"WebSite\",\"@id\":\"https:\\\/\\\/psychotherapie-oberland.ch\\\/#website\",\"url\":\"https:\\\/\\\/psychotherapie-oberland.ch\\\/\",\"name\":\"Psychotherapie Oberland\",\"description\":\"Psychtherapie f\u00fcr Jugendliche und Erwachsene sowie pferdegest\u00fctzte Psychtherapie\",\"potentialAction\":[{\"@type\":\"SearchAction\",\"target\":{\"@type\":\"EntryPoint\",\"urlTemplate\":\"https:\\\/\\\/psychotherapie-oberland.ch\\\/?s={search_term_string}\"},\"query-input\":{\"@type\":\"PropertyValueSpecification\",\"valueRequired\":true,\"valueName\":\"search_term_string\"}}],\"inLanguage\":\"de-CH\"}]}<\/script>\n<!-- \/ Yoast SEO plugin. -->","yoast_head_json":{"title":"Rechtliches - Psychotherapie Oberland","description":"Die auf unserer Website enthaltenen Angaben und Links dienen allein zur Information der Besucher.","robots":{"index":"index","follow":"follow","max-snippet":"max-snippet:-1","max-image-preview":"max-image-preview:large","max-video-preview":"max-video-preview:-1"},"canonical":"https:\/\/psychotherapie-oberland.ch\/?page_id=464","og_locale":"de_DE","og_type":"article","og_title":"Rechtliches - Psychotherapie Oberland","og_description":"Die auf unserer Website enthaltenen Angaben und Links dienen allein zur Information der Besucher.","og_url":"https:\/\/psychotherapie-oberland.ch\/?page_id=464","og_site_name":"Psychotherapie Oberland","article_modified_time":"2022-06-05T21:07:58+00:00","twitter_card":"summary_large_image","twitter_misc":{"Gesch\u00e4tzte Lesezeit":"5\u00a0Minuten"},"schema":{"@context":"https:\/\/schema.org","@graph":[{"@type":"WebPage","@id":"https:\/\/psychotherapie-oberland.ch\/?page_id=464","url":"https:\/\/psychotherapie-oberland.ch\/?page_id=464","name":"Rechtliches - Psychotherapie Oberland","isPartOf":{"@id":"https:\/\/psychotherapie-oberland.ch\/#website"},"datePublished":"2022-05-20T11:03:02+00:00","dateModified":"2022-06-05T21:07:58+00:00","description":"Die auf unserer Website enthaltenen Angaben und Links dienen allein zur Information der Besucher.","breadcrumb":{"@id":"https:\/\/psychotherapie-oberland.ch\/?page_id=464#breadcrumb"},"inLanguage":"de-CH","potentialAction":[{"@type":"ReadAction","target":["https:\/\/psychotherapie-oberland.ch\/?page_id=464"]}]},{"@type":"BreadcrumbList","@id":"https:\/\/psychotherapie-oberland.ch\/?page_id=464#breadcrumb","itemListElement":[{"@type":"ListItem","position":1,"name":"Startseite","item":"https:\/\/psychotherapie-oberland.ch\/?page_id=24"},{"@type":"ListItem","position":2,"name":"Rechtliches"}]},{"@type":"WebSite","@id":"https:\/\/psychotherapie-oberland.ch\/#website","url":"https:\/\/psychotherapie-oberland.ch\/","name":"Psychotherapie Oberland","description":"Psychtherapie f\u00fcr Jugendliche und Erwachsene sowie pferdegest\u00fctzte Psychtherapie","potentialAction":[{"@type":"SearchAction","target":{"@type":"EntryPoint","urlTemplate":"https:\/\/psychotherapie-oberland.ch\/?s={search_term_string}"},"query-input":{"@type":"PropertyValueSpecification","valueRequired":true,"valueName":"search_term_string"}}],"inLanguage":"de-CH"}]}},"_links":{"self":[{"href":"https:\/\/psychotherapie-oberland.ch\/index.php?rest_route=\/wp\/v2\/pages\/464","targetHints":{"allow":["GET"]}}],"collection":[{"href":"https:\/\/psychotherapie-oberland.ch\/index.php?rest_route=\/wp\/v2\/pages"}],"about":[{"href":"https:\/\/psychotherapie-oberland.ch\/index.php?rest_route=\/wp\/v2\/types\/page"}],"author":[{"embeddable":true,"href":"https:\/\/psychotherapie-oberland.ch\/index.php?rest_route=\/wp\/v2\/users\/4"}],"replies":[{"embeddable":true,"href":"https:\/\/psychotherapie-oberland.ch\/index.php?rest_route=%2Fwp%2Fv2%2Fcomments&post=464"}],"version-history":[{"count":3,"href":"https:\/\/psychotherapie-oberland.ch\/index.php?rest_route=\/wp\/v2\/pages\/464\/revisions"}],"predecessor-version":[{"id":869,"href":"https:\/\/psychotherapie-oberland.ch\/index.php?rest_route=\/wp\/v2\/pages\/464\/revisions\/869"}],"wp:attachment":[{"href":"https:\/\/psychotherapie-oberland.ch\/index.php?rest_route=%2Fwp%2Fv2%2Fmedia&parent=464"}],"curies":[{"name":"wp","href":"https:\/\/api.w.org\/{rel}","templated":true}]}}